{"id":2217,"date":"2022-04-24T17:34:33","date_gmt":"2022-04-24T22:34:33","guid":{"rendered":"http:\/\/geoparquemixtecaalta.org\/?page_id=2217"},"modified":"2022-04-24T17:58:10","modified_gmt":"2022-04-24T22:58:10","slug":"blog","status":"publish","type":"page","link":"https:\/\/geoparquemixtecaalta.org\/en\/blog\/","title":{"rendered":"Blog"},"content":{"rendered":"<h1>Blog<\/h1>\n<div>\n\t\t<div class=\"bdp-list-main bdp-design-1 bdp-clearfix\">\r\n\t\t\t<div class=\"bdp-post-list bdp-clearfix\">\r\n\t<div class=\"bdp-post-list-content\">\r\n\t\t\t\t<div class=\"bdp-medium-6 bdp-columns\">\r\n\t\t\t<div class=\"bdp-post-image-bg\">\r\n\t\t\t\t<a href=\"https:\/\/geoparquemixtecaalta.org\/en\/el-conocimiento-ancestral-como-recurso-al-cambio-climatico\/\">\r\n\t\t\t\t\t<img decoding=\"async\" src=\"https:\/\/geoparquemixtecaalta.org\/en\/wp-content\/uploads\/2019\/04\/01_siembra_cajete-900-e1650859309436.jpg\" alt=\"El conocimiento ancestral como recurso al Cambio Clim\u00e1tico\" \/>\r\n\t\t\t\t<\/a>\r\n\t\t\t<\/div>\r\n\t\t<\/div>\r\n\t\t\t\t<div class=\"bdp-medium-6 bdp-columns\">\r\n\t\t\t\t\t\t<div class=\"bdp-post-categories\">\r\n\t\t\t\t<a href=\"https:\/\/geoparquemixtecaalta.org\/en\/category\/geoparque-mixteca-alta\/\">Geoparque Mixteca Alta<\/a>\t\t\t<\/div>\r\n\t\t\t\r\n\t\t\t<h2 class=\"bdp-post-title\">\r\n\t\t\t\t<a href=\"https:\/\/geoparquemixtecaalta.org\/en\/el-conocimiento-ancestral-como-recurso-al-cambio-climatico\/\">El conocimiento ancestral como recurso al Cambio Clim\u00e1tico<\/a>\r\n\t\t\t<\/h2>\r\n\t\t\t\t\r\n\t\t\t\t\t\t<div class=\"bdp-post-meta-innr bdp-post-meta\">\r\n\t\t\t\t\t\t\t\t<span class=\"bdp-post-meta-innr bdp-time\">febrero 4, 2022<\/span>\r\n\t\t\t\t\t\t\t<\/div>\r\n\t\t\t\t\t\t<div class=\"bdp-post-content\">\r\n\t\t\t\t<div class=\"bdp-post-short-content\">El conocimiento ancestral como recurso al Cambio Clim\u00e1tico La Plataforma de Cambio Clim\u00e1tico, Riesgo y Resiliencia destaca el caso Geoparque...<\/div>\r\n\t\t\t\t\t\t\t\t<a href=\"https:\/\/geoparquemixtecaalta.org\/en\/el-conocimiento-ancestral-como-recurso-al-cambio-climatico\/\" class=\"bdp-readmorebtn\">Lee Mas<\/a>\r\n\t\t\t\t\t\t\t<\/div>\r\n\t\t\t\t\t<\/div>\r\n\t<\/div>\r\n<\/div><div class=\"bdp-post-list bdp-clearfix\">\r\n\t<div class=\"bdp-post-list-content\">\r\n\t\t\t\t<div class=\"bdp-medium-6 bdp-columns\">\r\n\t\t\t<div class=\"bdp-post-image-bg\">\r\n\t\t\t\t<a href=\"https:\/\/geoparquemixtecaalta.org\/en\/tesoros-ocultos-de-la-tierra\/\">\r\n\t\t\t\t\t<img decoding=\"async\" src=\"https:\/\/geoparquemixtecaalta.org\/en\/wp-content\/uploads\/2022\/04\/272138248_3117341658512194_7425021360708516731_n.jpg\" alt=\"Tesoros ocultos de la tierra\" \/>\r\n\t\t\t\t<\/a>\r\n\t\t\t<\/div>\r\n\t\t<\/div>\r\n\t\t\t\t<div class=\"bdp-medium-6 bdp-columns\">\r\n\t\t\t\t\t\t<div class=\"bdp-post-categories\">\r\n\t\t\t\t<a href=\"https:\/\/geoparquemixtecaalta.org\/en\/category\/geoparque-mixteca-alta\/\">Geoparque Mixteca Alta<\/a>\t\t\t<\/div>\r\n\t\t\t\r\n\t\t\t<h2 class=\"bdp-post-title\">\r\n\t\t\t\t<a href=\"https:\/\/geoparquemixtecaalta.org\/en\/tesoros-ocultos-de-la-tierra\/\">Tesoros ocultos de la tierra<\/a>\r\n\t\t\t<\/h2>\r\n\t\t\t\t\r\n\t\t\t\t\t\t<div class=\"bdp-post-meta-innr bdp-post-meta\">\r\n\t\t\t\t\t\t\t\t<span class=\"bdp-post-meta-innr bdp-time\">enero 20, 2022<\/span>\r\n\t\t\t\t\t\t\t<\/div>\r\n\t\t\t\t\t\t<div class=\"bdp-post-content\">\r\n\t\t\t\t<div class=\"bdp-post-short-content\">Geoparques globales de la UNESCO \u00a1Descubre los tesoros ocultos de la Tierra! Mixteca Alta, Geoparque Global de la UNESCO (M\u00e9xico)...<\/div>\r\n\t\t\t\t\t\t\t\t<a href=\"https:\/\/geoparquemixtecaalta.org\/en\/tesoros-ocultos-de-la-tierra\/\" class=\"bdp-readmorebtn\">Lee Mas<\/a>\r\n\t\t\t\t\t\t\t<\/div>\r\n\t\t\t\t\t<\/div>\r\n\t<\/div>\r\n<\/div><div class=\"bdp-post-list bdp-clearfix\">\r\n\t<div class=\"bdp-post-list-content\">\r\n\t\t\t\t<div class=\"bdp-medium-6 bdp-columns\">\r\n\t\t\t<div class=\"bdp-post-image-bg\">\r\n\t\t\t\t<a href=\"https:\/\/geoparquemixtecaalta.org\/en\/concluye-el-reciclon-2021-en-nochixtlan\/\">\r\n\t\t\t\t\t<img decoding=\"async\" src=\"https:\/\/geoparquemixtecaalta.org\/en\/wp-content\/uploads\/2022\/04\/248586992_164940219176791_8063868533381481078_n.jpg\" alt=\"Concluye el \u201cRecicl\u00f3n 2021 en Nochixtl\u00e1n.\" \/>\r\n\t\t\t\t<\/a>\r\n\t\t\t<\/div>\r\n\t\t<\/div>\r\n\t\t\t\t<div class=\"bdp-medium-6 bdp-columns\">\r\n\t\t\t\t\t\t<div class=\"bdp-post-categories\">\r\n\t\t\t\t<a href=\"https:\/\/geoparquemixtecaalta.org\/en\/category\/geoparque-mixteca-alta\/\">Geoparque Mixteca Alta<\/a>\t\t\t<\/div>\r\n\t\t\t\r\n\t\t\t<h2 class=\"bdp-post-title\">\r\n\t\t\t\t<a href=\"https:\/\/geoparquemixtecaalta.org\/en\/concluye-el-reciclon-2021-en-nochixtlan\/\">Concluye el \u201cRecicl\u00f3n 2021 en Nochixtl\u00e1n.<\/a>\r\n\t\t\t<\/h2>\r\n\t\t\t\t\r\n\t\t\t\t\t\t<div class=\"bdp-post-meta-innr bdp-post-meta\">\r\n\t\t\t\t\t\t\t\t<span class=\"bdp-post-meta-innr bdp-time\">octubre 22, 2021<\/span>\r\n\t\t\t\t\t\t\t<\/div>\r\n\t\t\t\t\t\t<div class=\"bdp-post-content\">\r\n\t\t\t\t<div class=\"bdp-post-short-content\">Concluye el \u201cRecicl\u00f3n 2021 en Nochixtl\u00e1n. El H. Ayuntamiento de Asunci\u00f3n Nochixtl\u00e1n, en coordinaci\u00f3n con el Geoparque UNESCO Mixteca Alta...<\/div>\r\n\t\t\t\t\t\t\t\t<a href=\"https:\/\/geoparquemixtecaalta.org\/en\/concluye-el-reciclon-2021-en-nochixtlan\/\" class=\"bdp-readmorebtn\">Lee Mas<\/a>\r\n\t\t\t\t\t\t\t<\/div>\r\n\t\t\t\t\t<\/div>\r\n\t<\/div>\r\n<\/div><div class=\"bdp-post-list bdp-clearfix\">\r\n\t<div class=\"bdp-post-list-content\">\r\n\t\t\t\t<div class=\"bdp-medium-6 bdp-columns\">\r\n\t\t\t<div class=\"bdp-post-image-bg\">\r\n\t\t\t\t<a href=\"https:\/\/geoparquemixtecaalta.org\/en\/invita-geoparque-mixteca-alta-al-reciclon\/\">\r\n\t\t\t\t\t<img decoding=\"async\" src=\"https:\/\/geoparquemixtecaalta.org\/en\/wp-content\/uploads\/2022\/04\/245546954_3956604761107455_6349808869833539848_n-e1650862245296-1024x514.jpg\" alt=\"Invita Geoparque Mixteca Alta al recicl\u00f3n\" \/>\r\n\t\t\t\t<\/a>\r\n\t\t\t<\/div>\r\n\t\t<\/div>\r\n\t\t\t\t<div class=\"bdp-medium-6 bdp-columns\">\r\n\t\t\t\t\t\t<div class=\"bdp-post-categories\">\r\n\t\t\t\t<a href=\"https:\/\/geoparquemixtecaalta.org\/en\/category\/geoparque-mixteca-alta\/\">Geoparque Mixteca Alta<\/a>\t\t\t<\/div>\r\n\t\t\t\r\n\t\t\t<h2 class=\"bdp-post-title\">\r\n\t\t\t\t<a href=\"https:\/\/geoparquemixtecaalta.org\/en\/invita-geoparque-mixteca-alta-al-reciclon\/\">Invita Geoparque Mixteca Alta al recicl\u00f3n<\/a>\r\n\t\t\t<\/h2>\r\n\t\t\t\t\r\n\t\t\t\t\t\t<div class=\"bdp-post-meta-innr bdp-post-meta\">\r\n\t\t\t\t\t\t\t\t<span class=\"bdp-post-meta-innr bdp-time\">octubre 15, 2021<\/span>\r\n\t\t\t\t\t\t\t<\/div>\r\n\t\t\t\t\t\t<div class=\"bdp-post-content\">\r\n\t\t\t\t<div class=\"bdp-post-short-content\">Invita Geoparque Mixteca Alta al recicl\u00f3n ASUNCI\u00d3N NOCHIXTL\u00c1N, Oax. -Con la finalidad de cuidar el medio ambiente y disponer correctamente...<\/div>\r\n\t\t\t\t\t\t\t\t<a href=\"https:\/\/geoparquemixtecaalta.org\/en\/invita-geoparque-mixteca-alta-al-reciclon\/\" class=\"bdp-readmorebtn\">Lee Mas<\/a>\r\n\t\t\t\t\t\t\t<\/div>\r\n\t\t\t\t\t<\/div>\r\n\t<\/div>\r\n<\/div>\t\t<\/div>\t\t\r\n\t\t\t\t<div class=\"bdp-post-pagination bdp-clearfix\">\r\n\t\t\t<span aria-current=\"page\" class=\"page-numbers current\">1<\/span>\n<a class=\"page-numbers\" href=\"https:\/\/geoparquemixtecaalta.org\/en\/wp-json\/wp\/v2\/pages\/2217\/page\/2\/\">2<\/a>\n<a class=\"next page-numbers\" href=\"https:\/\/geoparquemixtecaalta.org\/en\/wp-json\/wp\/v2\/pages\/2217\/page\/2\/\">Next &raquo;<\/a>\t\t<\/div>\r\n\t\t<\/div>\n<p><!--more--><br \/>\n<!-- {\"children\":[{\"type\":\"section\",\"props\":{\"style\":\"default\",\"width\":\"large\",\"vertical_align\":\"middle\",\"title_position\":\"top-left\",\"title_rotation\":\"left\",\"title_breakpoint\":\"xl\",\"image_position\":\"center-center\",\"padding\":\"none\",\"padding_remove_horizontal\":true},\"children\":[{\"type\":\"row\",\"children\":[{\"type\":\"column\",\"props\":{\"position_sticky_breakpoint\":\"m\",\"image_position\":\"center-center\",\"media_overlay_gradient\":\"\",\"width_medium\":\"1-1\"},\"children\":[]}]}],\"name\":\"HEADER \"},{\"type\":\"section\",\"props\":{\"style\":\"muted\",\"width\":\"default\",\"vertical_align\":\"middle\",\"title_position\":\"top-left\",\"title_rotation\":\"left\",\"title_breakpoint\":\"xl\",\"image_position\":\"center-center\"},\"children\":[{\"type\":\"row\",\"children\":[{\"type\":\"column\",\"props\":{\"position_sticky_breakpoint\":\"m\",\"image_position\":\"center-center\",\"media_overlay_gradient\":\"\"},\"children\":[{\"type\":\"headline\",\"props\":{\"title_element\":\"h1\",\"content\":\"Blog\",\"text_align\":\"center\"}}]}]}]},{\"type\":\"section\",\"props\":{\"style\":\"default\",\"width\":\"default\",\"vertical_align\":\"middle\",\"title_position\":\"top-left\",\"title_rotation\":\"left\",\"title_breakpoint\":\"xl\",\"image_position\":\"center-center\"},\"children\":[{\"type\":\"row\",\"children\":[{\"type\":\"column\",\"props\":{\"position_sticky_breakpoint\":\"m\",\"image_position\":\"center-center\",\"media_overlay_gradient\":\"\"},\"children\":[{\"type\":\"html\",\"props\":{\"content\":\"[bdp_post_list show_author=\\\"false\\\" limit=\\\"4\\\"]\"}}]}]}]}],\"type\":\"layout\",\"version\":\"2.7.19\"} --><\/p>\n","protected":false},"excerpt":{"rendered":"<p>Blog<\/p>\n","protected":false},"author":1,"featured_media":0,"parent":0,"menu_order":0,"comment_status":"closed","ping_status":"closed","template":"","meta":{"_acf_changed":false,"om_disable_all_campaigns":false,"_monsterinsights_skip_tracking":false,"_monsterinsights_sitenote_active":false,"_monsterinsights_sitenote_note":"","_monsterinsights_sitenote_category":0,"_uf_show_specific_survey":0,"_uf_disable_surveys":false,"footnotes":""},"class_list":["post-2217","page","type-page","status-publish","hentry"],"acf":[],"aioseo_notices":[],"_links":{"self":[{"href":"https:\/\/geoparquemixtecaalta.org\/en\/wp-json\/wp\/v2\/pages\/2217","targetHints":{"allow":["GET"]}}],"collection":[{"href":"https:\/\/geoparquemixtecaalta.org\/en\/wp-json\/wp\/v2\/pages"}],"about":[{"href":"https:\/\/geoparquemixtecaalta.org\/en\/wp-json\/wp\/v2\/types\/page"}],"author":[{"embeddable":true,"href":"https:\/\/geoparquemixtecaalta.org\/en\/wp-json\/wp\/v2\/users\/1"}],"replies":[{"embeddable":true,"href":"https:\/\/geoparquemixtecaalta.org\/en\/wp-json\/wp\/v2\/comments?post=2217"}],"version-history":[{"count":4,"href":"https:\/\/geoparquemixtecaalta.org\/en\/wp-json\/wp\/v2\/pages\/2217\/revisions"}],"predecessor-version":[{"id":2234,"href":"https:\/\/geoparquemixtecaalta.org\/en\/wp-json\/wp\/v2\/pages\/2217\/revisions\/2234"}],"wp:attachment":[{"href":"https:\/\/geoparquemixtecaalta.org\/en\/wp-json\/wp\/v2\/media?parent=2217"}],"curies":[{"name":"wp","href":"https:\/\/api.w.org\/{rel}","templated":true}]}}